{"id":5756,"date":"2021-07-18T11:18:52","date_gmt":"2021-07-18T11:18:52","guid":{"rendered":"https:\/\/bolito.pt\/?page_id=5756"},"modified":"2021-07-18T11:25:37","modified_gmt":"2021-07-18T11:25:37","slug":"termos-de-servico","status":"publish","type":"page","link":"https:\/\/bolito.pt\/en\/termos-de-servico\/","title":{"rendered":"Terms of Service"},"content":{"rendered":"<p><strong>Terms<\/strong><\/p>\r\n<p>By accessing the Bolito website, you are agreeing to be bound by these terms of service, all applicable laws and regulations, and agree that you are responsible for compliance with any applicable local laws. If you do not agree with any of these terms, you are prohibited from using or accessing this site. The materials contained in this site are protected by applicable copyright and trademark laws.<\/p>\r\n<p><strong>Uso de Licen\u00e7a<\/strong><\/p>\r\n<p>\u00c9 concedida permiss\u00e3o para fazer o download tempor\u00e1rio de uma c\u00f3pia dos materiais (informa\u00e7\u00f5es ou software) no site Bolito , apenas para visualiza\u00e7\u00e3o transit\u00f3ria pessoal e n\u00e3o comercial. Esta \u00e9 a concess\u00e3o de uma licen\u00e7a, n\u00e3o uma transfer\u00eancia de t\u00edtulo e, sob esta licen\u00e7a, n\u00e3o pode:\u00a0 modificar ou copiar os materiais;\u00a0 usar os materiais para qualquer finalidade comercial ou para exibi\u00e7\u00e3o p\u00fablica (comercial ou n\u00e3o comercial);\u00a0 tentar descompilar ou fazer engenharia reversa de qualquer software contido no site Bolito;\u00a0 remover quaisquer direitos autorais ou outras nota\u00e7\u00f5es de propriedade dos materiais; ou\u00a0 transferir os materiais para outra pessoa ou &#8216;copiar&#8217; os materiais em qualquer outro servidor. Esta licen\u00e7a ser\u00e1 automaticamente rescindida se violar alguma dessas restri\u00e7\u00f5es e poder\u00e1 ser rescindida pelo Bolito a qualquer momento. Ao encerrar a visualiza\u00e7\u00e3o desses materiais ou ap\u00f3s o t\u00e9rmino desta licen\u00e7a, deve apagar todos os materiais guardados em sua posse, seja em formato eletr\u00f3nico ou impresso.<\/p>\r\n<p><strong>Isen\u00e7\u00e3o de responsabilidade<\/strong><\/p>\r\n<p>Os materiais no site da Bolito s\u00e3o fornecidos &#8216;como est\u00e3o&#8217;. O Bolito n\u00e3o oferece garantias, expressas ou impl\u00edcitas, e, por este meio, isenta e nega todas as outras garantias, incluindo, sem limita\u00e7\u00e3o, garantias impl\u00edcitas ou condi\u00e7\u00f5es de comercializa\u00e7\u00e3o, adequa\u00e7\u00e3o a um fim espec\u00edfico ou n\u00e3o viola\u00e7\u00e3o de propriedade intelectual ou outra viola\u00e7\u00e3o de direitos. Al\u00e9m disso, o Bolito n\u00e3o garante ou faz qualquer representa\u00e7\u00e3o relativa \u00e0 precis\u00e3o, aos resultados prov\u00e1veis \u200b\u200bou \u00e0 confiabilidade do uso dos materiais no seu site ou de outra forma relacionado a esses materiais ou em sites vinculados a este site.<\/p>\r\n<p><strong>Limita\u00e7\u00f5es<\/strong><\/p>\r\n<p>Em nenhum caso o Bolito ou os seus fornecedores ser\u00e3o respons\u00e1veis \u200b\u200bpor quaisquer danos (incluindo, sem limita\u00e7\u00e3o, danos por perda de dados ou lucro ou devido a interrup\u00e7\u00e3o dos neg\u00f3cios) decorrentes do uso ou da incapacidade de usar os materiais em Bolito, mesmo que o Bolito ou um representante autorizado da Bolito tenha sido notificado oralmente ou por escrito da possibilidade de tais danos.<\/p>\r\n<p><strong>Precis\u00e3o dos materiais<\/strong><\/p>\r\n<p>Os materiais exibidos no site do Bolito podem incluir erros t\u00e9cnicos, tipogr\u00e1ficos ou fotogr\u00e1ficos. Bolito n\u00e3o garante que qualquer material no seu site seja preciso, completo ou atual. O Bolito pode fazer altera\u00e7\u00f5es nos materiais contidos no seu site a qualquer momento, sem aviso pr\u00e9vio. No entanto, Bolito n\u00e3o se compromete a atualizar os materiais.<\/p>\r\n<p><strong>Links<\/strong><\/p>\r\n<p>O Bolito n\u00e3o analisou todos os sites vinculados ao seu site e n\u00e3o \u00e9 respons\u00e1vel pelo conte\u00fado de nenhum site vinculado. A inclus\u00e3o de qualquer link n\u00e3o implica a aprova\u00e7\u00e3o por parte do Bolito no seu site. O uso de qualquer site vinculado \u00e9 por conta e risco do utilizador.<\/p>\r\n<p><strong>Modifica\u00e7\u00f5es<\/strong><\/p>\r\n<p>O Bolito pode rever estes termos de servi\u00e7o do site a qualquer momento, sem aviso pr\u00e9vio. Ao usar este site, concorda em ficar vinculado \u00e0 vers\u00e3o atual destes termos de servi\u00e7o.<\/p>\r\n<p><strong>Lei aplic\u00e1vel<\/strong><\/p>\r\n<p>Estes termos e condi\u00e7\u00f5es s\u00e3o regidos e interpretados de acordo com as leis do Bolito e se submete irrevogavelmente \u00e0 jurisdi\u00e7\u00e3o exclusiva dos tribunais naquela regi\u00e3o ou localidade.<\/p>","protected":false},"excerpt":{"rendered":"<p>Termos Ao aceder ao site Bolito, concorda em cumprir estes termos de servi\u00e7o, todas as leis e regulamentos aplic\u00e1veis \u200b\u200be concorda que \u00e9 respons\u00e1vel pelo cumprimento de todas as leis&#8230;<\/p>","protected":false},"author":1,"featured_media":0,"parent":0,"menu_order":0,"comment_status":"closed","ping_status":"closed","template":"","meta":{"footnotes":""},"yoast_head":"<!-- This site is optimized with the Yoast SEO Premium plugin v22.3 (Yoast SEO v24.5) - https:\/\/yoast.com\/wordpress\/plugins\/seo\/ -->\n<title>Termos de Servi\u00e7o - Bolito<\/title>\n<meta name=\"robots\" content=\"index, follow, max-snippet:-1, max-image-preview:large, max-video-preview:-1\" \/>\n<link rel=\"canonical\" href=\"https:\/\/bolito.pt\/en\/termos-de-servico\/\" \/>\n<meta property=\"og:locale\" content=\"en_US\" \/>\n<meta property=\"og:type\" content=\"article\" \/>\n<meta property=\"og:title\" content=\"Termos de Servi\u00e7o\" \/>\n<meta property=\"og:description\" content=\"Termos Ao aceder ao site Bolito, concorda em cumprir estes termos de servi\u00e7o, todas as leis e regulamentos aplic\u00e1veis \u200b\u200be concorda que \u00e9 respons\u00e1vel pelo cumprimento de todas as leis...\" \/>\n<meta property=\"og:url\" content=\"https:\/\/bolito.pt\/en\/termos-de-servico\/\" \/>\n<meta property=\"og:site_name\" content=\"Bolito\" \/>\n<meta property=\"article:modified_time\" content=\"2021-07-18T11:25:37+00:00\" \/>\n<meta name=\"twitter:card\" content=\"summary_large_image\" \/>\n<meta name=\"twitter:label1\" content=\"Est. reading time\" \/>\n\t<meta name=\"twitter:data1\" content=\"3 minutes\" \/>\n<script type=\"application\/ld+json\" class=\"yoast-schema-graph\">{\"@context\":\"https:\/\/schema.org\",\"@graph\":[{\"@type\":\"WebPage\",\"@id\":\"https:\/\/bolito.pt\/termos-de-servico\/\",\"url\":\"https:\/\/bolito.pt\/termos-de-servico\/\",\"name\":\"Termos de Servi\u00e7o - Bolito\",\"isPartOf\":{\"@id\":\"https:\/\/bolito.pt\/#website\"},\"datePublished\":\"2021-07-18T11:18:52+00:00\",\"dateModified\":\"2021-07-18T11:25:37+00:00\",\"breadcrumb\":{\"@id\":\"https:\/\/bolito.pt\/termos-de-servico\/#breadcrumb\"},\"inLanguage\":\"en-US\",\"potentialAction\":[{\"@type\":\"ReadAction\",\"target\":[\"https:\/\/bolito.pt\/termos-de-servico\/\"]}]},{\"@type\":\"BreadcrumbList\",\"@id\":\"https:\/\/bolito.pt\/termos-de-servico\/#breadcrumb\",\"itemListElement\":[{\"@type\":\"ListItem\",\"position\":1,\"name\":\"Home\",\"item\":\"https:\/\/bolito.pt\/\"},{\"@type\":\"ListItem\",\"position\":2,\"name\":\"Termos de Servi\u00e7o\"}]},{\"@type\":\"WebSite\",\"@id\":\"https:\/\/bolito.pt\/#website\",\"url\":\"https:\/\/bolito.pt\/\",\"name\":\"Bolito\",\"description\":\"Ingredientes Naturais\",\"publisher\":{\"@id\":\"https:\/\/bolito.pt\/#organization\"},\"potentialAction\":[{\"@type\":\"SearchAction\",\"target\":{\"@type\":\"EntryPoint\",\"urlTemplate\":\"https:\/\/bolito.pt\/?s={search_term_string}\"},\"query-input\":{\"@type\":\"PropertyValueSpecification\",\"valueRequired\":true,\"valueName\":\"search_term_string\"}}],\"inLanguage\":\"en-US\"},{\"@type\":[\"Organization\",\"Place\",\"FoodEstablishment\"],\"@id\":\"https:\/\/bolito.pt\/#organization\",\"name\":\"Bolito\",\"url\":\"https:\/\/bolito.pt\/\",\"logo\":{\"@id\":\"https:\/\/bolito.pt\/termos-de-servico\/#local-main-organization-logo\"},\"image\":{\"@id\":\"https:\/\/bolito.pt\/termos-de-servico\/#local-main-organization-logo\"},\"telephone\":[\"912950464\"],\"openingHoursSpecification\":{\"@type\":\"OpeningHoursSpecification\",\"dayOfWeek\":[\"Monday\",\"Tuesday\",\"Wednesday\",\"Thursday\",\"Friday\",\"Saturday\",\"Sunday\"],\"opens\":\"00:00\",\"closes\":\"23:59\"},\"email\":\"cliente@bolito.pt\",\"areaServed\":\"Lisboa, Oeiras, Sintra, Amadora, Loures, Cascais e Odivelas\",\"priceRange\":\"$$\",\"currenciesAccepted\":\"Euro\",\"paymentAccepted\":\"Dinheiro e MB Way\"},{\"@type\":\"ImageObject\",\"inLanguage\":\"en-US\",\"@id\":\"https:\/\/bolito.pt\/termos-de-servico\/#local-main-organization-logo\",\"url\":\"https:\/\/i0.wp.com\/bolito.pt\/wp-content\/uploads\/2022\/01\/logo-fatura.png?fit=550%2C364&ssl=1\",\"contentUrl\":\"https:\/\/i0.wp.com\/bolito.pt\/wp-content\/uploads\/2022\/01\/logo-fatura.png?fit=550%2C364&ssl=1\",\"width\":550,\"height\":364,\"caption\":\"Bolito\"}]}<\/script>\n<meta name=\"geo.placename\" content=\"Lisboa\" \/>\n<meta name=\"geo.region\" content=\"Portugal\" \/>\n<!-- \/ Yoast SEO Premium plugin. -->","yoast_head_json":{"title":"Termos de Servi\u00e7o - Bolito","robots":{"index":"index","follow":"follow","max-snippet":"max-snippet:-1","max-image-preview":"max-image-preview:large","max-video-preview":"max-video-preview:-1"},"canonical":"https:\/\/bolito.pt\/en\/termos-de-servico\/","og_locale":"en_US","og_type":"article","og_title":"Termos de Servi\u00e7o","og_description":"Termos Ao aceder ao site Bolito, concorda em cumprir estes termos de servi\u00e7o, todas as leis e regulamentos aplic\u00e1veis \u200b\u200be concorda que \u00e9 respons\u00e1vel pelo cumprimento de todas as leis...","og_url":"https:\/\/bolito.pt\/en\/termos-de-servico\/","og_site_name":"Bolito","article_modified_time":"2021-07-18T11:25:37+00:00","twitter_card":"summary_large_image","twitter_misc":{"Est. reading time":"3 minutes"},"schema":{"@context":"https:\/\/schema.org","@graph":[{"@type":"WebPage","@id":"https:\/\/bolito.pt\/termos-de-servico\/","url":"https:\/\/bolito.pt\/termos-de-servico\/","name":"Termos de Servi\u00e7o - Bolito","isPartOf":{"@id":"https:\/\/bolito.pt\/#website"},"datePublished":"2021-07-18T11:18:52+00:00","dateModified":"2021-07-18T11:25:37+00:00","breadcrumb":{"@id":"https:\/\/bolito.pt\/termos-de-servico\/#breadcrumb"},"inLanguage":"en-US","potentialAction":[{"@type":"ReadAction","target":["https:\/\/bolito.pt\/termos-de-servico\/"]}]},{"@type":"BreadcrumbList","@id":"https:\/\/bolito.pt\/termos-de-servico\/#breadcrumb","itemListElement":[{"@type":"ListItem","position":1,"name":"Home","item":"https:\/\/bolito.pt\/"},{"@type":"ListItem","position":2,"name":"Termos de Servi\u00e7o"}]},{"@type":"WebSite","@id":"https:\/\/bolito.pt\/#website","url":"https:\/\/bolito.pt\/","name":"Bolito","description":"Ingredientes Naturais","publisher":{"@id":"https:\/\/bolito.pt\/#organization"},"potentialAction":[{"@type":"SearchAction","target":{"@type":"EntryPoint","urlTemplate":"https:\/\/bolito.pt\/?s={search_term_string}"},"query-input":{"@type":"PropertyValueSpecification","valueRequired":true,"valueName":"search_term_string"}}],"inLanguage":"en-US"},{"@type":["Organization","Place","FoodEstablishment"],"@id":"https:\/\/bolito.pt\/#organization","name":"Bolito","url":"https:\/\/bolito.pt\/","logo":{"@id":"https:\/\/bolito.pt\/termos-de-servico\/#local-main-organization-logo"},"image":{"@id":"https:\/\/bolito.pt\/termos-de-servico\/#local-main-organization-logo"},"telephone":["912950464"],"openingHoursSpecification":{"@type":"OpeningHoursSpecification","dayOfWeek":["Monday","Tuesday","Wednesday","Thursday","Friday","Saturday","Sunday"],"opens":"00:00","closes":"23:59"},"email":"cliente@bolito.pt","areaServed":"Lisboa, Oeiras, Sintra, Amadora, Loures, Cascais e Odivelas","priceRange":"$$","currenciesAccepted":"Euro","paymentAccepted":"Dinheiro e MB Way"},{"@type":"ImageObject","inLanguage":"en-US","@id":"https:\/\/bolito.pt\/termos-de-servico\/#local-main-organization-logo","url":"https:\/\/i0.wp.com\/bolito.pt\/wp-content\/uploads\/2022\/01\/logo-fatura.png?fit=550%2C364&ssl=1","contentUrl":"https:\/\/i0.wp.com\/bolito.pt\/wp-content\/uploads\/2022\/01\/logo-fatura.png?fit=550%2C364&ssl=1","width":550,"height":364,"caption":"Bolito"}]},"geo.placename":"Lisboa","geo.region":"Portugal"},"jetpack_sharing_enabled":true,"_links":{"self":[{"href":"https:\/\/bolito.pt\/en\/wp-json\/wp\/v2\/pages\/5756"}],"collection":[{"href":"https:\/\/bolito.pt\/en\/wp-json\/wp\/v2\/pages"}],"about":[{"href":"https:\/\/bolito.pt\/en\/wp-json\/wp\/v2\/types\/page"}],"author":[{"embeddable":true,"href":"https:\/\/bolito.pt\/en\/wp-json\/wp\/v2\/users\/1"}],"replies":[{"embeddable":true,"href":"https:\/\/bolito.pt\/en\/wp-json\/wp\/v2\/comments?post=5756"}],"version-history":[{"count":2,"href":"https:\/\/bolito.pt\/en\/wp-json\/wp\/v2\/pages\/5756\/revisions"}],"predecessor-version":[{"id":5759,"href":"https:\/\/bolito.pt\/en\/wp-json\/wp\/v2\/pages\/5756\/revisions\/5759"}],"wp:attachment":[{"href":"https:\/\/bolito.pt\/en\/wp-json\/wp\/v2\/media?parent=5756"}],"curies":[{"name":"wp","href":"https:\/\/api.w.org\/{rel}","templated":true}]}}